{"id":55378,"date":"2024-02-16T10:01:49","date_gmt":"2024-02-16T08:01:49","guid":{"rendered":"https:\/\/mobus.md\/?post_type=product&#038;p=55378"},"modified":"2026-04-07T16:45:31","modified_gmt":"2026-04-07T13:45:31","slug":"coltar-extensibil-bolivia-a3-light-beige-cu-peninsula","status":"publish","type":"product","link":"https:\/\/mobus.md\/ru\/product\/coltar-extensibil-bolivia-a3-light-beige-cu-peninsula\/","title":{"rendered":"Col\u021bar Extensibil Bolivia A3 Light Beige (cu peninsul\u0103)"},"content":{"rendered":"<p>Col\u021bar Extensibil Bolivia A3 Light Beige (cu peninsul\u0103) este un model elegant \u0219i stilat care poate g\u0103zdui confortabil membrii \u00eentregii familii precum \u0219i pe to\u021bi oaspe\u021bii. Formele sale clare \u0219i drepte sunt create pentru interioare cu stil modern, iar designul s\u0103u laconic \u0219i culorile lini\u0219tite a tapi\u021beriei fac ca aceast\u0103 canapea s\u0103 fie practic\u0103 \u0219i versatil\u0103.<\/p>\n<table class=\"woocommerce-product-attributes shop_attributes\">\n<tbody>\n<tr class=\"woocommerce-product-attributes-item woocommerce-product-attributes-item--attribute_pa_canapea-cu-spatiu-depozitare\">\n<th class=\"woocommerce-product-attributes-item__label\"><span class=\"wd-attr-name\">Depozitare Canapea<\/span><\/th>\n<td class=\"woocommerce-product-attributes-item__value\">Cu spa\u0163iu de depozitare<\/td>\n<\/tr>\n<tr class=\"woocommerce-product-attributes-item woocommerce-product-attributes-item--attribute_pa_culoare\">\n<th class=\"woocommerce-product-attributes-item__label\"><span class=\"wd-attr-name\">Culoare<\/span><\/th>\n<td class=\"woocommerce-product-attributes-item__value\">Bej<\/td>\n<\/tr>\n<tr class=\"woocommerce-product-attributes-item woocommerce-product-attributes-item--attribute_pa_material-tapiterie\">\n<th class=\"woocommerce-product-attributes-item__label\"><span class=\"wd-attr-name\">Material Tapi\u0163erie<\/span><\/th>\n<td class=\"woocommerce-product-attributes-item__value\">Stof\u0103<\/td>\n<\/tr>\n<tr class=\"woocommerce-product-attributes-item woocommerce-product-attributes-item--attribute_pa_tip-canapea\">\n<th class=\"woocommerce-product-attributes-item__label\"><span class=\"wd-attr-name\">Tip Canapea<\/span><\/th>\n<td class=\"woocommerce-product-attributes-item__value\">Extensibile<\/td>\n<\/tr>\n<tr class=\"woocommerce-product-attributes-item woocommerce-product-attributes-item--attribute_pa_marime-canapea-exterior\">\n<th class=\"woocommerce-product-attributes-item__label\"><span class=\"wd-attr-name\">Marime Canapea Exterior<\/span><\/th>\n<td class=\"woocommerce-product-attributes-item__value\">250\u00d7155<\/td>\n<\/tr>\n<tr class=\"woocommerce-product-attributes-item woocommerce-product-attributes-item--attribute_pa_spatiu-de-dormit\">\n<th class=\"woocommerce-product-attributes-item__label\"><span class=\"wd-attr-name\">Spatiu de dormit<\/span><\/th>\n<td class=\"woocommerce-product-attributes-item__value\">150*200<\/td>\n<\/tr>\n<\/tbody>\n<\/table>\n","protected":false},"excerpt":{"rendered":"<p>Col\u021bar Extensibil Bolivia A3 Light Beige (cu peninsul\u0103) este un model elegant \u0219i stilat care poate g\u0103zdui confortabil membrii \u00eentregii<\/p>\n","protected":false},"featured_media":55382,"template":"","meta":[],"product_brand":[],"product_cat":[177,1389],"product_tag":[],"class_list":{"0":"post-55378","1":"product","2":"type-product","3":"status-publish","4":"has-post-thumbnail","6":"product_cat-canapele-extensibile-si-fixe","7":"product_cat-coltare","8":"pa_componenta-canapea-lemn","9":"pa_componenta-canapea-spuma-poliuretanica","10":"pa_culoare-canapea-bej","11":"pa_sarcina-maximala-fotoliu-sca-200-kg","12":"pa_tapiterie-coltare-stofa","14":"first","15":"onbackorder","16":"shipping-taxable","17":"purchasable","18":"product-type-simple"},"_links":{"self":[{"href":"https:\/\/mobus.md\/ru\/wp-json\/wp\/v2\/product\/55378","targetHints":{"allow":["GET"]}}],"collection":[{"href":"https:\/\/mobus.md\/ru\/wp-json\/wp\/v2\/product"}],"about":[{"href":"https:\/\/mobus.md\/ru\/wp-json\/wp\/v2\/types\/product"}],"wp:featuredmedia":[{"embeddable":true,"href":"https:\/\/mobus.md\/ru\/wp-json\/wp\/v2\/media\/55382"}],"wp:attachment":[{"href":"https:\/\/mobus.md\/ru\/wp-json\/wp\/v2\/media?parent=55378"}],"wp:term":[{"taxonomy":"product_brand","embeddable":true,"href":"https:\/\/mobus.md\/ru\/wp-json\/wp\/v2\/product_brand?post=55378"},{"taxonomy":"product_cat","embeddable":true,"href":"https:\/\/mobus.md\/ru\/wp-json\/wp\/v2\/product_cat?post=55378"},{"taxonomy":"product_tag","embeddable":true,"href":"https:\/\/mobus.md\/ru\/wp-json\/wp\/v2\/product_tag?post=55378"}],"curies":[{"name":"wp","href":"https:\/\/api.w.org\/{rel}","templated":true}]}}